{"id":878,"date":"2024-04-05T10:00:58","date_gmt":"2024-04-05T10:00:58","guid":{"rendered":"https:\/\/bhz.com.pl\/produkt\/pergola-z-lawka\/"},"modified":"2024-04-26T13:19:04","modified_gmt":"2024-04-26T13:19:04","slug":"pergola-z-lawka","status":"publish","type":"product","link":"https:\/\/bhz.com.pl\/fr\/produkt\/pergola-z-lawka\/","title":{"rendered":"Pergola avec un banc"},"content":{"rendered":"<p>D\u00e9couvrez le charme de la d\u00e9tente au milieu de la verdure avec notre pergola de jardin \u00e9quip\u00e9e d&rsquo;un banc confortable. Cette structure soigneusement fabriqu\u00e9e en bois trait\u00e9 sous pression est non seulement durable, mais offre \u00e9galement un excellent fond pour les plantes grimpantes, qui avec le temps peuvent cr\u00e9er un toit naturel au-dessus de l&rsquo;espace assis. L&rsquo;harmonie parfaite avec la nature, l&rsquo;attrait esth\u00e9tique et la fonctionnalit\u00e9 font de la pergola avec banc un excellent choix pour tout jardin, offrant un espace de d\u00e9tente ou de lecture de votre livre pr\u00e9f\u00e9r\u00e9 au c\u0153ur de la nature.<\/p>\n","protected":false},"excerpt":{"rendered":"<p>D\u00e9couvrez le charme de la d\u00e9tente au milieu de la verdure avec notre pergola de jardin \u00e9quip\u00e9e d&rsquo;un banc confortable. Cette structure soigneusement fabriqu\u00e9e en bois trait\u00e9 sous pression est non seulement durable, mais offre \u00e9galement un excellent fond pour les plantes grimpantes, qui avec le temps peuvent cr\u00e9er un toit naturel au-dessus de l&rsquo;espace&#8230;<\/p>\n","protected":false},"featured_media":459,"comment_status":"open","ping_status":"closed","template":"","meta":[],"product_cat":[83],"product_tag":[],"class_list":{"0":"post-878","1":"product","2":"type-product","3":"status-publish","4":"has-post-thumbnail","6":"product_cat-equipement-de-jardin","8":"first","9":"instock","10":"shipping-taxable","11":"product-type-simple"},"_links":{"self":[{"href":"https:\/\/bhz.com.pl\/fr\/wp-json\/wp\/v2\/product\/878","targetHints":{"allow":["GET"]}}],"collection":[{"href":"https:\/\/bhz.com.pl\/fr\/wp-json\/wp\/v2\/product"}],"about":[{"href":"https:\/\/bhz.com.pl\/fr\/wp-json\/wp\/v2\/types\/product"}],"replies":[{"embeddable":true,"href":"https:\/\/bhz.com.pl\/fr\/wp-json\/wp\/v2\/comments?post=878"}],"wp:featuredmedia":[{"embeddable":true,"href":"https:\/\/bhz.com.pl\/fr\/wp-json\/wp\/v2\/media\/459"}],"wp:attachment":[{"href":"https:\/\/bhz.com.pl\/fr\/wp-json\/wp\/v2\/media?parent=878"}],"wp:term":[{"taxonomy":"product_cat","embeddable":true,"href":"https:\/\/bhz.com.pl\/fr\/wp-json\/wp\/v2\/product_cat?post=878"},{"taxonomy":"product_tag","embeddable":true,"href":"https:\/\/bhz.com.pl\/fr\/wp-json\/wp\/v2\/product_tag?post=878"}],"curies":[{"name":"wp","href":"https:\/\/api.w.org\/{rel}","templated":true}]}}