{"id":875,"date":"2024-04-05T09:56:26","date_gmt":"2024-04-05T09:56:26","guid":{"rendered":"https:\/\/bhz.com.pl\/produkt\/zestaw-mebli-ogrodowych\/"},"modified":"2024-04-26T13:10:18","modified_gmt":"2024-04-26T13:10:18","slug":"zestaw-mebli-ogrodowych","status":"publish","type":"product","link":"https:\/\/bhz.com.pl\/fr\/produkt\/zestaw-mebli-ogrodowych\/","title":{"rendered":"Ensemble de salon de jardin"},"content":{"rendered":"<p>Un ensemble de mobilier de jardin compos\u00e9 d&rsquo;une solide table en bois et de quatre bancs assortis. La construction simple mais \u00e9l\u00e9gante en bois trait\u00e9 sous pression assure durabilit\u00e9 et r\u00e9sistance aux intemp\u00e9ries. Les assises et les dossiers des bancs, constitu\u00e9s de lattes dispos\u00e9es verticalement, garantissent un confort d&rsquo;utilisation. La finition naturelle du bois s&rsquo;harmonise avec l&rsquo;environnement, donnant \u00e0 l&rsquo;espace un caract\u00e8re chaleureux et accueillant. Id\u00e9al pour les repas en plein air ou les r\u00e9unions en famille et entre amis dans le jardin.<\/p>\n","protected":false},"excerpt":{"rendered":"<p>Un ensemble de mobilier de jardin compos\u00e9 d&rsquo;une solide table en bois et de quatre bancs assortis. La construction simple mais \u00e9l\u00e9gante en bois trait\u00e9 sous pression assure durabilit\u00e9 et r\u00e9sistance aux intemp\u00e9ries. Les assises et les dossiers des bancs, constitu\u00e9s de lattes dispos\u00e9es verticalement, garantissent un confort d&rsquo;utilisation. La finition naturelle du bois s&rsquo;harmonise&#8230;<\/p>\n","protected":false},"featured_media":191,"comment_status":"open","ping_status":"closed","template":"","meta":[],"product_cat":[59],"product_tag":[],"class_list":{"0":"post-875","1":"product","2":"type-product","3":"status-publish","4":"has-post-thumbnail","6":"product_cat-mobilier-de-jardin","8":"first","9":"instock","10":"shipping-taxable","11":"product-type-simple"},"_links":{"self":[{"href":"https:\/\/bhz.com.pl\/fr\/wp-json\/wp\/v2\/product\/875","targetHints":{"allow":["GET"]}}],"collection":[{"href":"https:\/\/bhz.com.pl\/fr\/wp-json\/wp\/v2\/product"}],"about":[{"href":"https:\/\/bhz.com.pl\/fr\/wp-json\/wp\/v2\/types\/product"}],"replies":[{"embeddable":true,"href":"https:\/\/bhz.com.pl\/fr\/wp-json\/wp\/v2\/comments?post=875"}],"wp:featuredmedia":[{"embeddable":true,"href":"https:\/\/bhz.com.pl\/fr\/wp-json\/wp\/v2\/media\/191"}],"wp:attachment":[{"href":"https:\/\/bhz.com.pl\/fr\/wp-json\/wp\/v2\/media?parent=875"}],"wp:term":[{"taxonomy":"product_cat","embeddable":true,"href":"https:\/\/bhz.com.pl\/fr\/wp-json\/wp\/v2\/product_cat?post=875"},{"taxonomy":"product_tag","embeddable":true,"href":"https:\/\/bhz.com.pl\/fr\/wp-json\/wp\/v2\/product_tag?post=875"}],"curies":[{"name":"wp","href":"https:\/\/api.w.org\/{rel}","templated":true}]}}