{"id":866,"date":"2024-04-02T17:14:59","date_gmt":"2024-04-02T17:14:59","guid":{"rendered":"https:\/\/bhz.com.pl\/produkt\/plot-ogrodowy-drewniany-model-lukowy\/"},"modified":"2024-04-26T12:59:13","modified_gmt":"2024-04-26T12:59:13","slug":"plot-ogrodowy-drewniany-model-lukowy","status":"publish","type":"product","link":"https:\/\/bhz.com.pl\/fr\/produkt\/plot-ogrodowy-drewniany-model-lukowy\/","title":{"rendered":"Cl\u00f4ture de jardin en bois, mod\u00e8le arqu\u00e9"},"content":{"rendered":"<p>Embellez votre jardin avec un \u00e9l\u00e9ment qui allie fonctionnalit\u00e9 et design \u00e9l\u00e9gant. Notre cl\u00f4ture de jardin, fabriqu\u00e9e en bois de haute qualit\u00e9 trait\u00e9 sous pression, est la solution id\u00e9ale pour ceux qui appr\u00e9cient la durabilit\u00e9 et l&rsquo;esth\u00e9tique. Les bords sup\u00e9rieurs incurv\u00e9s lui donnent un aspect l\u00e9ger et moderne, se fondant parfaitement dans le paysage naturel.<\/p>\n<p>Sp\u00e9cification :<\/p>\n<p>Mat\u00e9riau : Bois trait\u00e9 sous pression<br \/>\nHauteur : 180 cm<br \/>\nLargeur du segment : 180 cm<br \/>\nForme : Courb\u00e9 sur le bord sup\u00e9rieur<br \/>\nConstruction : Planches horizontales avec bords profil\u00e9s, espac\u00e9es r\u00e9guli\u00e8rement pour permettre la circulation de l&rsquo;air<\/p>\n<p>Caract\u00e9ristiques :<\/p>\n<p>R\u00e9sistant aux intemp\u00e9ries<br \/>\nFacile \u00e0 installer<br \/>\nAspect moderne et \u00e9l\u00e9gant<br \/>\nId\u00e9al pour les cl\u00f4tures de propri\u00e9t\u00e9 et comme \u00e9l\u00e9ment d\u00e9coratif<\/p>\n<p>Application :<\/p>\n<p>Cl\u00f4tures de propri\u00e9t\u00e9<br \/>\nD\u00e9corations de jardin<br \/>\nProtection de la vie priv\u00e9e<br \/>\nRestriction de l&rsquo;acc\u00e8s \u00e0 des zones d\u00e9sign\u00e9es<br \/>\nAssurez-vous l&rsquo;intimit\u00e9 et am\u00e9liorez l&rsquo;esth\u00e9tique de votre jardin avec notre cl\u00f4ture de jardin. Commandez maintenant !<\/p>\n","protected":false},"excerpt":{"rendered":"<p>Embellez votre jardin avec un \u00e9l\u00e9ment qui allie fonctionnalit\u00e9 et design \u00e9l\u00e9gant. Notre cl\u00f4ture de jardin, fabriqu\u00e9e en bois de haute qualit\u00e9 trait\u00e9 sous pression, est la solution id\u00e9ale pour ceux qui appr\u00e9cient la durabilit\u00e9 et l&rsquo;esth\u00e9tique. Les bords sup\u00e9rieurs incurv\u00e9s lui donnent un aspect l\u00e9ger et moderne, se fondant parfaitement dans le paysage naturel&#8230;.<\/p>\n","protected":false},"featured_media":49,"comment_status":"open","ping_status":"closed","template":"","meta":[],"product_cat":[63],"product_tag":[],"class_list":{"0":"post-866","1":"product","2":"type-product","3":"status-publish","4":"has-post-thumbnail","6":"product_cat-clotures-et-grilles","8":"first","9":"instock","10":"shipping-taxable","11":"product-type-simple"},"_links":{"self":[{"href":"https:\/\/bhz.com.pl\/fr\/wp-json\/wp\/v2\/product\/866","targetHints":{"allow":["GET"]}}],"collection":[{"href":"https:\/\/bhz.com.pl\/fr\/wp-json\/wp\/v2\/product"}],"about":[{"href":"https:\/\/bhz.com.pl\/fr\/wp-json\/wp\/v2\/types\/product"}],"replies":[{"embeddable":true,"href":"https:\/\/bhz.com.pl\/fr\/wp-json\/wp\/v2\/comments?post=866"}],"wp:featuredmedia":[{"embeddable":true,"href":"https:\/\/bhz.com.pl\/fr\/wp-json\/wp\/v2\/media\/49"}],"wp:attachment":[{"href":"https:\/\/bhz.com.pl\/fr\/wp-json\/wp\/v2\/media?parent=866"}],"wp:term":[{"taxonomy":"product_cat","embeddable":true,"href":"https:\/\/bhz.com.pl\/fr\/wp-json\/wp\/v2\/product_cat?post=866"},{"taxonomy":"product_tag","embeddable":true,"href":"https:\/\/bhz.com.pl\/fr\/wp-json\/wp\/v2\/product_tag?post=866"}],"curies":[{"name":"wp","href":"https:\/\/api.w.org\/{rel}","templated":true}]}}