{"id":680,"date":"2024-04-03T19:20:48","date_gmt":"2024-04-03T19:20:48","guid":{"rendered":"https:\/\/bhz.com.pl\/cooperation\/punkty-sprzedazy-detalicznej\/"},"modified":"2024-07-25T09:34:10","modified_gmt":"2024-07-25T09:34:10","slug":"points-de-vente-au-detail","status":"publish","type":"page","link":"https:\/\/bhz.com.pl\/fr\/cooperation\/points-de-vente-au-detail\/","title":{"rendered":"Points de vente au d\u00e9tail"},"content":{"rendered":"<section class=\"l-section wpb_row us_custom_477ec717 height_auto\" id=\"section-07\"><div class=\"l-section-h i-cf\"><div class=\"g-cols vc_row via_grid cols_3-2 laptops-cols_inherit tablets-cols_1 mobiles-cols_1 valign_middle type_default stacking_default\" style=\"--gap:28px;\"><div class=\"wpb_column vc_column_container\"><div class=\"vc_column-inner\"><div class=\"w-separator size_medium\"><\/div><div class=\"wpb_text_column\"><div class=\"wpb_wrapper\"><header class=\"entry-header\">\n<h2 class=\"entry-title\">Points de vente au d\u00e9tail<\/h2>\n<\/header>\n<p>\u00a0<\/p>\n<div class=\"entry-content\">\n<ul>\n<li>Livraisons possibles directement \u00e0 vos points de vente et\/ou \u00e0 vos clients avec une garantie de confidentialit\u00e9 \u00e9crite compl\u00e8te concernant les donn\u00e9es clients et les conditions d&rsquo;achat<\/li>\n<li>Livraisons possibles d&rsquo;un m\u00e9lange d&rsquo;une large gamme de produits sur un seul camion<\/li>\n<li>Surveillance compl\u00e8te par le personnel de BHZ pendant le chargement et minimisation des co\u00fbts de transport par unit\u00e9 de produit<\/li>\n<li>Produits standard disponibles imm\u00e9diatement en stock<\/li>\n<li>Possibilit\u00e9 de charges partielles<\/li>\n<li>Horaires de livraison flexibles<\/li>\n<li>Possibilit\u00e9 de fabriquer un produit sp\u00e9cial selon les sp\u00e9cifications individuelles, m\u00eame en cas de petit volume<\/li>\n<li>Protection \u00e9cologique du bois \u00e0 l&rsquo;aide d&rsquo;impr\u00e9gnants sans chrome en marron et vert (impr\u00e9gnation sous pression ou par trempage)<\/li>\n<li>Tous les produits certifi\u00e9s PEFC\u00ae<\/li>\n<\/ul>\n<\/div>\n<\/div><\/div><div class=\"w-separator size_huge\"><\/div><\/div><\/div><div class=\"wpb_column vc_column_container us_custom_d1233ac6 has_bg_color stretched\"><div class=\"vc_column-inner\"><\/div><\/div><\/div><\/div><\/section>\n","protected":false},"excerpt":{"rendered":"Points de vente au d\u00e9tail \u00a0 Livraisons possibles directement \u00e0 vos points de vente et\/ou \u00e0 vos clients avec une garantie de confidentialit\u00e9 \u00e9crite compl\u00e8te concernant les donn\u00e9es clients et les conditions d&rsquo;achat Livraisons possibles d&rsquo;un m\u00e9lange d&rsquo;une large gamme de produits sur un seul camion Surveillance compl\u00e8te par le personnel de BHZ pendant le...","protected":false},"author":1,"featured_media":0,"parent":656,"menu_order":0,"comment_status":"closed","ping_status":"closed","template":"","meta":{"footnotes":""},"class_list":["post-680","page","type-page","status-publish","hentry"],"_links":{"self":[{"href":"https:\/\/bhz.com.pl\/fr\/wp-json\/wp\/v2\/pages\/680","targetHints":{"allow":["GET"]}}],"collection":[{"href":"https:\/\/bhz.com.pl\/fr\/wp-json\/wp\/v2\/pages"}],"about":[{"href":"https:\/\/bhz.com.pl\/fr\/wp-json\/wp\/v2\/types\/page"}],"author":[{"embeddable":true,"href":"https:\/\/bhz.com.pl\/fr\/wp-json\/wp\/v2\/users\/1"}],"replies":[{"embeddable":true,"href":"https:\/\/bhz.com.pl\/fr\/wp-json\/wp\/v2\/comments?post=680"}],"version-history":[{"count":4,"href":"https:\/\/bhz.com.pl\/fr\/wp-json\/wp\/v2\/pages\/680\/revisions"}],"predecessor-version":[{"id":1048,"href":"https:\/\/bhz.com.pl\/fr\/wp-json\/wp\/v2\/pages\/680\/revisions\/1048"}],"up":[{"embeddable":true,"href":"https:\/\/bhz.com.pl\/fr\/wp-json\/wp\/v2\/pages\/656"}],"wp:attachment":[{"href":"https:\/\/bhz.com.pl\/fr\/wp-json\/wp\/v2\/media?parent=680"}],"curies":[{"name":"wp","href":"https:\/\/api.w.org\/{rel}","templated":true}]}}