{"id":659,"date":"2024-04-03T19:20:32","date_gmt":"2024-04-03T19:20:32","guid":{"rendered":"https:\/\/bhz.com.pl\/cooperation\/sklepy-wielkopowierzchniowe\/"},"modified":"2024-07-25T09:33:52","modified_gmt":"2024-07-25T09:33:52","slug":"grande-distribution","status":"publish","type":"page","link":"https:\/\/bhz.com.pl\/fr\/cooperation\/grande-distribution\/","title":{"rendered":"Grande distribution"},"content":{"rendered":"<section class=\"l-section wpb_row us_custom_477ec717 height_auto\" id=\"section-07\"><div class=\"l-section-h i-cf\"><div class=\"g-cols vc_row via_grid cols_3-2 laptops-cols_inherit tablets-cols_1 mobiles-cols_1 valign_middle type_default stacking_default\" style=\"--gap:28px;\"><div class=\"wpb_column vc_column_container\"><div class=\"vc_column-inner\"><div class=\"w-separator size_medium\"><\/div><div class=\"wpb_text_column\"><div class=\"wpb_wrapper\"><header class=\"entry-header\">\n<h2 class=\"entry-title\">Grande distribution<\/h2>\n<\/header>\n<p>\u00a0<\/p>\n<div class=\"entry-content\">\n<ul>\n<li>Garantie de livraison de la quantit\u00e9 contract\u00e9e dans les d\u00e9lais convenus<\/li>\n<li>Prix adapt\u00e9 aux sp\u00e9cifications et exigences du client<\/li>\n<li>Possibilit\u00e9 de livraisons partielles \u00e0 plusieurs points de vente<\/li>\n<li>Conditionnement des produits visant \u00e0 optimiser l&rsquo;espace de stockage limit\u00e9 dans les points de vente<\/li>\n<li>Constitution de stocks pour maintenir la continuit\u00e9 des livraisons et des livraisons efficaces m\u00eame dans les 24 heures suivant l&rsquo;appel<\/li>\n<li>Livraisons \u00e0 une date d\u00e9sign\u00e9e selon les directives du client<\/li>\n<li>Disponibilit\u00e9 du certificat de s\u00e9curit\u00e9 CE pour les \u00e9quipements de jeu en bois<\/li>\n<li>\u00c9tiquetage des produits (codes EAN) selon les exigences du client<\/li>\n<li>Protection du bois respectueuse de l&rsquo;environnement \u00e0 l&rsquo;aide d&rsquo;impr\u00e9gnants sans chrome en marron et vert (impr\u00e9gnation sous pression ou par trempage)<\/li>\n<li>Tous les produits certifi\u00e9s PEFC\u00ae<\/li>\n<\/ul>\n<\/div>\n<div id=\"simple-translate\" class=\"simple-translate-system-theme\">\n<div>\n<div class=\"simple-translate-button isShow\" style=\"background-image: url('moz-extension:\/\/842b6841-bdbd-4ee6-a55d-2513e3c27754\/icons\/512.png'); height: 22px; width: 22px; top: 287px; left: 62px;\">\u00a0<\/div>\n<div class=\"simple-translate-panel \" style=\"width: 300px; height: 200px; top: 0px; left: 0px; font-size: 13px;\">\n<div class=\"simple-translate-result-wrapper\" style=\"overflow: hidden;\">\n<div class=\"simple-translate-move\" draggable=\"true\">\u00a0<\/div>\n<div class=\"simple-translate-result-contents\">\n<p class=\"simple-translate-result\" dir=\"auto\">\u00a0<\/p>\n<p class=\"simple-translate-candidate\" dir=\"auto\">\u00a0<\/p>\n<\/div>\n<\/div>\n<\/div>\n<\/div>\n<\/div>\n<\/div><\/div><div class=\"w-separator size_huge\"><\/div><\/div><\/div><div class=\"wpb_column vc_column_container us_custom_76802457 has_bg_color stretched\"><div class=\"vc_column-inner\"><\/div><\/div><\/div><\/div><\/section>\n","protected":false},"excerpt":{"rendered":"Grande distribution \u00a0 Garantie de livraison de la quantit\u00e9 contract\u00e9e dans les d\u00e9lais convenus Prix adapt\u00e9 aux sp\u00e9cifications et exigences du client Possibilit\u00e9 de livraisons partielles \u00e0 plusieurs points de vente Conditionnement des produits visant \u00e0 optimiser l&rsquo;espace de stockage limit\u00e9 dans les points de vente Constitution de stocks pour maintenir la continuit\u00e9 des livraisons...","protected":false},"author":1,"featured_media":0,"parent":656,"menu_order":0,"comment_status":"closed","ping_status":"closed","template":"","meta":{"footnotes":""},"class_list":["post-659","page","type-page","status-publish","hentry"],"_links":{"self":[{"href":"https:\/\/bhz.com.pl\/fr\/wp-json\/wp\/v2\/pages\/659","targetHints":{"allow":["GET"]}}],"collection":[{"href":"https:\/\/bhz.com.pl\/fr\/wp-json\/wp\/v2\/pages"}],"about":[{"href":"https:\/\/bhz.com.pl\/fr\/wp-json\/wp\/v2\/types\/page"}],"author":[{"embeddable":true,"href":"https:\/\/bhz.com.pl\/fr\/wp-json\/wp\/v2\/users\/1"}],"replies":[{"embeddable":true,"href":"https:\/\/bhz.com.pl\/fr\/wp-json\/wp\/v2\/comments?post=659"}],"version-history":[{"count":7,"href":"https:\/\/bhz.com.pl\/fr\/wp-json\/wp\/v2\/pages\/659\/revisions"}],"predecessor-version":[{"id":1047,"href":"https:\/\/bhz.com.pl\/fr\/wp-json\/wp\/v2\/pages\/659\/revisions\/1047"}],"up":[{"embeddable":true,"href":"https:\/\/bhz.com.pl\/fr\/wp-json\/wp\/v2\/pages\/656"}],"wp:attachment":[{"href":"https:\/\/bhz.com.pl\/fr\/wp-json\/wp\/v2\/media?parent=659"}],"curies":[{"name":"wp","href":"https:\/\/api.w.org\/{rel}","templated":true}]}}