{"id":634,"date":"2024-04-18T13:27:12","date_gmt":"2024-04-18T13:27:12","guid":{"rendered":"https:\/\/bhz.com.pl\/pellet-bhx-wood\/"},"modified":"2024-05-10T15:36:39","modified_gmt":"2024-05-10T15:36:39","slug":"pellet-bhx-wood","status":"publish","type":"page","link":"https:\/\/bhz.com.pl\/fr\/pellet-bhx-wood\/","title":{"rendered":"Pellet BHX Wood"},"content":{"rendered":"<section class=\"l-section wpb_row height_small with_video with_youtube\"><div id=\"us_bg_video_t5fa\" class=\"l-section-video\"><script>!function(w){var node = document.getElementById( 'us_bg_video_t5fa' );if ( w.innerWidth <= 600 ) { node.remove() }}(window);<\/script><style>@media(max-width:600px){#us_bg_video_t5fa{display:none!important}}<\/style><script id=\"youtube_t5fa\">\r\n\t\t\t\t\twindow.USYTPlayers = ( window.USYTPlayers || { initYTFunctions: [], optionsYT: [], USYTInited: false } );\r\n\t\t\t\t\twindow.USYTPlayers.initYTFunctions.push( function() {\r\n\t\t\t\t\t\tvar player = new YT.Player( \"youtube_t5fa\" , {\r\n\t\t\t\t\t\t\tvideoId: \"HiskSF3IBIc\",\r\n\t\t\t\t\t\t\tplayerVars: {\"playlist\":\"HiskSF3IBIc\",\"autohide\":1,\"autoplay\":1,\"mute\":1,\"controls\":0,\"disablekb\":1,\"enablejsapi\":1,\"fs\":0,\"loop\":1,\"rel\":0,\"showinfo\":0},\r\n\t\t\t\t\t\t\tevents: {\r\n\t\t\t\t\t\t\t\tonReady: function ( e ) {\r\n\t\t\t\t\t\t\t\t\te.target.mute();\r\n\t\t\t\t\t\t\t\t\te.target.playVideo();\r\n\t\t\t\t\t\t\t\t\te.target.g.allow = \"autoplay; fullscreen; picture-in-picture\";\r\n\t\t\t\t\t\t\t\t\te.target.g.width = window.innerWidth;\r\n\t\t\t\t\t\t\t\t\te.target.g.loading = \"lazy\";\r\n\t\t\t\t\t\t\t\t}\r\n\t\t\t\t\t\t\t}\r\n\t\t\t\t\t\t});\r\n\t\t\t\t\t\tdocument.querySelector( \"script#youtube_api_t5fa\" ).remove();\r\n\t\t\t\t\t} );\r\n\t\t\t\t\twindow.onYouTubeIframeAPIReady = function() {\r\n\t\t\t\t\t\twindow.USYTPlayers.initYTFunctions.forEach( function( YTPlayer ) {\r\n\t\t\t\t\t\t\tif ( typeof YTPlayer === \"function\" ) {\r\n\t\t\t\t\t\t\t\tYTPlayer();\r\n\t\t\t\t\t\t\t}\r\n\t\t\t\t\t\t} );\r\n\t\t\t\t\t};\r\n\t\t\t\t\tvar script = document.createElement( \"script\" );\r\n\t\t\t\t\tscript.id = \"youtube_api_t5fa\";\r\n\t\t\t\t\tscript.src = \"https:\/\/www.youtube.com\/iframe_api\";\r\n\t\t\t\t\tdocument.head.append( script );\r\n\t\t\t\t<\/script><\/div><div class=\"l-section-overlay\" style=\"background:rgba(0,0,0,0.90)\"><\/div><div class=\"l-section-h i-cf\"><div class=\"g-cols vc_row via_grid cols_1 laptops-cols_inherit tablets-cols_inherit mobiles-cols_1 valign_top type_default stacking_default\"><div class=\"wpb_column vc_column_container\"><div class=\"vc_column-inner\"><div class=\"g-cols wpb_row via_grid cols_1 laptops-cols_inherit tablets-cols_inherit mobiles-cols_1 valign_top type_default stacking_default\" style=\"--gap:3rem;\"><div class=\"wpb_column vc_column_container\"><div class=\"vc_column-inner\"><div class=\"w-image us_custom_a518f36e us_animate_this align_center\"><div class=\"w-image-h\"><img decoding=\"async\" width=\"1000\" height=\"550\" src=\"https:\/\/bhz.com.pl\/wp-content\/uploads\/2024\/04\/BHZ-WOOD-PELLETS-8.png\" class=\"attachment-full size-full\" alt=\"\" loading=\"lazy\" srcset=\"https:\/\/bhz.com.pl\/wp-content\/uploads\/2024\/04\/BHZ-WOOD-PELLETS-8.png 1000w, https:\/\/bhz.com.pl\/wp-content\/uploads\/2024\/04\/BHZ-WOOD-PELLETS-8-300x165.png 300w, https:\/\/bhz.com.pl\/wp-content\/uploads\/2024\/04\/BHZ-WOOD-PELLETS-8-600x330.png 600w\" sizes=\"auto, (max-width: 1000px) 100vw, 1000px\" \/><\/div><\/div><\/div><\/div><\/div><div class=\"wpb_text_column us_custom_6df4bc3a has_text_color\"><div class=\"wpb_wrapper\"><p>Dans notre offre, vous trouverez des granul\u00e9s de classe A1, un combustible \u00e9cologique fabriqu\u00e9 \u00e0 partir des sciures de pin les plus pures. Sa qualit\u00e9 exceptionnelle est confirm\u00e9e par les certifications PEFC et ENplus, qui attestent que notre produit r\u00e9pond aux normes de qualit\u00e9 les plus \u00e9lev\u00e9es. Les granul\u00e9s sont disponibles sous forme de granul\u00e9s de 6 mm de diam\u00e8tre, ce qui permet une combustion efficace et minimise les r\u00e9sidus. Nos processus de production sont surveill\u00e9s et font l&rsquo;objet de contr\u00f4les r\u00e9guliers pour garantir une qualit\u00e9 constante des granul\u00e9s. Chaque sac p\u00e8se 15 kg, ce qui facilite le transport et le stockage, tandis que chaque palette contient 65 sacs, pour un poids total de 975 kg. Les granul\u00e9s sont emball\u00e9s dans des sacs herm\u00e9tiques, prot\u00e9g\u00e9s en bas par du film, recouverts d&rsquo;une housse en haut et envelopp\u00e9s dans du film \u00e9tirable, les prot\u00e9geant de l&rsquo;humidit\u00e9 et assurant un stockage \u00e0 long terme sans perte des propri\u00e9t\u00e9s combustibles.<\/p>\n<p>Pour fournir \u00e0 nos clients des informations compl\u00e8tes sur la qualit\u00e9 du produit, nous avons effectu\u00e9 une s\u00e9rie de tests, notamment :<\/p>\n<ul>\n<li>Analyse de la teneur en humidit\u00e9 selon ISO 18134-2:2017.<\/li>\n<li>Mesure de la teneur en cendres (ISO 18122:2022).<\/li>\n<li>Test de durabilit\u00e9 m\u00e9canique (ISO 17831-1:2015).<\/li>\n<li>D\u00e9termination de la teneur en particules fines inf\u00e9rieures \u00e0 3,15 mm (ISO 18846:2016).<\/li>\n<li>\u00c9valuation de la valeur calorifique (ISO 18125:2017).<\/li>\n<li>Mesure de la densit\u00e9 en vrac (ISO 17828:2015).<\/li>\n<li>Analyse de la teneur en carbone, hydrog\u00e8ne et azote (ISO 16948:2015).<\/li>\n<li>Examen de la teneur en chlore et en soufre (ISO 16994:2016).<\/li>\n<li>D\u00e9termination de la teneur en \u00e9l\u00e9ments traces (ISO 16968:2015).<\/li>\n<li>Tests de comportement des cendres lors du chauffage (ISO 21404:2020).<\/li>\n<li>Mesure de la densit\u00e9 des particules (ISO 18847:2017).<\/li>\n<\/ul>\n<p>Notre produit est conforme aux normes internationales, garantissant non seulement une haute efficacit\u00e9 \u00e9nerg\u00e9tique, mais aussi la protection de l&rsquo;environnement naturel. Nous vous invitons \u00e0 vous familiariser avec des informations d\u00e9taill\u00e9es et \u00e0 choisir des granul\u00e9s qui contribueront \u00e0 r\u00e9duire le smog et qui seront respectueux de notre plan\u00e8te.<\/p>\n<\/div><\/div><\/div><\/div><\/div><\/div><\/section><section class=\"l-section wpb_row height_medium\"><div class=\"l-section-overlay\" style=\"background:#000000\"><\/div><div class=\"l-section-h i-cf\"><div class=\"g-cols vc_row via_grid cols_1 laptops-cols_inherit tablets-cols_inherit mobiles-cols_1 valign_top type_default stacking_default\"><div class=\"wpb_column vc_column_container\"><div class=\"vc_column-inner\"><div class=\"g-cols wpb_row us_custom_b5e1835e via_grid cols_1 laptops-cols_inherit tablets-cols_inherit mobiles-cols_1 valign_top type_default stacking_default\" style=\"--gap:3rem;\"><div class=\"wpb_column vc_column_container\"><div class=\"vc_column-inner\"><div class=\"wpb_text_column us_custom_6df4bc3a has_text_color\"><div class=\"wpb_wrapper\"><style>\n  body {<br \/>    font-family: Arial, sans-serif;<br \/>    margin: 0;<br \/>    padding: 0;<br \/>    display: flex;<br \/>    justify-content: center;<br \/>    align-items: center;<br \/>    height: 100vh;<br \/>    background-color: #fff;<br \/>  }<br \/>  table {<br \/>    border-collapse: collapse;<br \/>    width: 80%; \/* Dostosuj szeroko\u015b\u0107 tabeli wed\u0142ug potrzeb *\/<br \/>    margin: auto;<br \/>  }<br \/>  th, td {<br \/>    padding: 20px;<br \/>    text-align: center;<br \/>    vertical-align: middle; \/* Wy\u015brodkowanie pionowe *\/<br \/>    border: 1px solid #000;<br \/>  }<br \/>  th {<br \/>    background-color: #f8f8f8;<br \/>    font-size: 18px; \/* Wi\u0119ksza czcionka dla nag\u0142\u00f3wk\u00f3w *\/<br \/>  }<br \/>  td > span {<br \/>    font-size: 18pt; \/* Wi\u0119ksza czcionka dla warto\u015bci *\/<br \/>  }<br \/><\/style>\n<table>\n<tbody>\n<tr>\n<th>Diameter<br \/>\n\u015arednica<br \/>\nDiametro<br \/>\nDurchmesser<\/th>\n<td><span style=\"font-size: 18pt;\">6 \u00b1 1 mm<\/span><\/td>\n<\/tr>\n<tr>\n<th>Length<br \/>\nD\u0142ugo\u015b\u0107<br \/>\nLunghezza<br \/>\nL\u00e4nge<\/th>\n<td><span style=\"font-size: 18pt;\">3,15 \u2264 L \u2264 40 mm<\/span><\/td>\n<\/tr>\n<tr>\n<th>Moisture content<br \/>\nWilgotno\u015b\u0107<br \/>\nUmidit\u00e0<br \/>\nWassergehalt<\/th>\n<td><span style=\"font-size: 18pt;\">\u2264 10,0%<\/span><\/td>\n<\/tr>\n<tr>\n<th>Ash content<br \/>\nZawarto\u015b\u0107 popio\u0142u<br \/>\nCeneri<br \/>\nAschegehalt<\/th>\n<td><span style=\"font-size: 18pt;\">\u2264 0,70%<\/span><\/td>\n<\/tr>\n<tr>\n<th>Net calorific value<br \/>\nWarto\u015b\u0107 opa\u0142owa<br \/>\nPotere calorifico inferiore<br \/>\nHeizwert<\/th>\n<td><span style=\"font-size: 18pt;\">\u2265 16,5 MJ\/kg<\/span><\/td>\n<\/tr>\n<\/tbody>\n<\/table>\n<\/div><\/div><\/div><\/div><\/div><\/div><\/div><\/div><\/div><\/section>\n","protected":false},"excerpt":{"rendered":"Dans notre offre, vous trouverez des granul\u00e9s de classe A1, un combustible \u00e9cologique fabriqu\u00e9 \u00e0 partir des sciures de pin les plus pures. Sa qualit\u00e9 exceptionnelle est confirm\u00e9e par les certifications PEFC et ENplus, qui attestent que notre produit r\u00e9pond aux normes de qualit\u00e9 les plus \u00e9lev\u00e9es. Les granul\u00e9s sont disponibles sous forme de granul\u00e9s...","protected":false},"author":1,"featured_media":0,"parent":0,"menu_order":0,"comment_status":"closed","ping_status":"closed","template":"","meta":{"footnotes":""},"class_list":["post-634","page","type-page","status-publish","hentry"],"_links":{"self":[{"href":"https:\/\/bhz.com.pl\/fr\/wp-json\/wp\/v2\/pages\/634","targetHints":{"allow":["GET"]}}],"collection":[{"href":"https:\/\/bhz.com.pl\/fr\/wp-json\/wp\/v2\/pages"}],"about":[{"href":"https:\/\/bhz.com.pl\/fr\/wp-json\/wp\/v2\/types\/page"}],"author":[{"embeddable":true,"href":"https:\/\/bhz.com.pl\/fr\/wp-json\/wp\/v2\/users\/1"}],"replies":[{"embeddable":true,"href":"https:\/\/bhz.com.pl\/fr\/wp-json\/wp\/v2\/comments?post=634"}],"version-history":[{"count":7,"href":"https:\/\/bhz.com.pl\/fr\/wp-json\/wp\/v2\/pages\/634\/revisions"}],"predecessor-version":[{"id":919,"href":"https:\/\/bhz.com.pl\/fr\/wp-json\/wp\/v2\/pages\/634\/revisions\/919"}],"wp:attachment":[{"href":"https:\/\/bhz.com.pl\/fr\/wp-json\/wp\/v2\/media?parent=634"}],"curies":[{"name":"wp","href":"https:\/\/api.w.org\/{rel}","templated":true}]}}