{"id":593,"date":"2024-04-02T14:24:18","date_gmt":"2024-04-02T14:24:18","guid":{"rendered":"https:\/\/bhz.com.pl\/kontakt\/"},"modified":"2024-04-30T08:35:23","modified_gmt":"2024-04-30T08:35:23","slug":"contact","status":"publish","type":"page","link":"https:\/\/bhz.com.pl\/fr\/contact\/","title":{"rendered":"Contact"},"content":{"rendered":"<section class=\"l-section wpb_row height_medium with_img\"><div class=\"l-section-img\" role=\"img\" data-img-width=\"1600\" data-img-height=\"800\" style=\"background-image: url(https:\/\/bhz.com.pl\/wp-content\/uploads\/2024\/04\/tarcica.jpg);\"><\/div><div class=\"l-section-overlay\" style=\"background:rgba(0,0,0,0.60)\"><\/div><div class=\"l-section-h i-cf\"><div class=\"g-cols vc_row via_grid cols_1 laptops-cols_inherit tablets-cols_inherit mobiles-cols_1 valign_top type_default stacking_default\"><div class=\"wpb_column vc_column_container\"><div class=\"vc_column-inner\"><div class=\"wpb_text_column us_custom_6df4bc3a has_text_color\"><div class=\"wpb_wrapper\"><h1 style=\"text-align: center;\">Contact<\/h1>\n<p style=\"text-align: center;\"><strong>N&rsquo;h\u00e9sitez pas \u00e0 nous contacter, nous r\u00e9pondrons volontiers \u00e0 toutes vos questions.<\/strong><\/p>\n<\/div><\/div><\/div><\/div><\/div><\/div><\/section><section class=\"l-section wpb_row height_medium\" id=\"section-22\"><div class=\"l-section-h i-cf\"><div class=\"g-cols vc_row via_grid cols_1 laptops-cols_inherit tablets-cols_inherit mobiles-cols_1 valign_top type_default stacking_default\"><div class=\"wpb_column vc_column_container\"><div class=\"vc_column-inner\"><div class=\"g-cols wpb_row via_grid cols_2 laptops-cols_inherit tablets-cols_inherit mobiles-cols_1 valign_top type_default stacking_default\" style=\"--gap:3rem;\"><div class=\"wpb_column vc_column_container\"><div class=\"vc_column-inner\"><div class=\"w-image us_custom_2416bfe9 align_none\"><div class=\"w-image-h\"><img decoding=\"async\" width=\"1024\" height=\"372\" src=\"https:\/\/bhz.com.pl\/wp-content\/uploads\/2024\/04\/bhz-logo-1024x372.png\" class=\"attachment-large size-large\" alt=\"\" loading=\"lazy\" srcset=\"https:\/\/bhz.com.pl\/wp-content\/uploads\/2024\/04\/bhz-logo-1024x372.png 1024w, https:\/\/bhz.com.pl\/wp-content\/uploads\/2024\/04\/bhz-logo-300x109.png 300w, https:\/\/bhz.com.pl\/wp-content\/uploads\/2024\/04\/bhz-logo-600x218.png 600w, https:\/\/bhz.com.pl\/wp-content\/uploads\/2024\/04\/bhz-logo.png 1604w\" sizes=\"auto, (max-width: 1024px) 100vw, 1024px\" \/><\/div><\/div><div class=\"w-separator size_small\"><\/div><div class=\"wpb_text_column\"><div class=\"wpb_wrapper\"><p><strong>BHZ Wood Sp. z o.o.<\/strong><br \/>\nul. Szpitalna 38<br \/>\n77-400 Zlotow, Poland<\/p>\n<\/div><\/div><div class=\"w-separator size_small\"><\/div><div class=\"w-iconbox us_custom_e1a1958b has_text_color iconpos_left style_default color_primary align_left no_text\"><a href=\"tel:+48 67 263 48 41\" class=\"w-iconbox-link\" aria-label=\"+48 67 263 48 41\"><div class=\"w-iconbox-icon\" style=\"font-size:2rem;\"><i class=\"material-icons\">phone<\/i><\/div><\/a><div class=\"w-iconbox-meta\"><a href=\"tel:+48 67 263 48 41\" class=\"w-iconbox-link\" aria-label=\"+48 67 263 48 41\"><span class=\"w-iconbox-title\">+48 67 263 48 41<\/span><\/a><\/div><\/div><div class=\"w-separator size_custom\" style=\"height:10px\"><\/div><div class=\"w-iconbox us_custom_e1a1958b has_text_color iconpos_left style_default color_primary align_left no_text\"><a href=\"mailto:office@bhz.com.pl\" class=\"w-iconbox-link\" aria-label=\"office@bhz.com.pl\"><div class=\"w-iconbox-icon\" style=\"font-size:2rem;\"><i class=\"material-icons\">mail<\/i><\/div><\/a><div class=\"w-iconbox-meta\"><a href=\"mailto:office@bhz.com.pl\" class=\"w-iconbox-link\" aria-label=\"office@bhz.com.pl\"><span class=\"w-iconbox-title\">office@bhz.com.pl<\/span><\/a><\/div><\/div><div class=\"w-separator size_small\"><\/div><div class=\"w-iconbox us_custom_e1a1958b has_text_color iconpos_left style_default color_primary align_left no_title\"><div class=\"w-iconbox-icon\" style=\"font-size:2rem;\"><i class=\"fas fa-clock\"><\/i><\/div><div class=\"w-iconbox-meta\"><div class=\"w-iconbox-text\"><p><strong>Pracujemy w godzinach:<\/strong><\/p>\n<p>Pn. &#8211; Pt. 6.00 &#8211; 18.00<\/p>\n<\/div><\/div><\/div><\/div><\/div><div class=\"wpb_column vc_column_container us_custom_f03ee871\"><div class=\"vc_column-inner\"><div class=\"w-image us_custom_c462a60a align_right\"><div class=\"w-image-h\"><img decoding=\"async\" width=\"300\" height=\"300\" src=\"https:\/\/bhz.com.pl\/wp-content\/uploads\/2024\/04\/zd-300x300.jpg\" class=\"attachment-woocommerce_thumbnail size-woocommerce_thumbnail\" alt=\"\" loading=\"lazy\" srcset=\"https:\/\/bhz.com.pl\/wp-content\/uploads\/2024\/04\/zd-300x300.jpg 300w, https:\/\/bhz.com.pl\/wp-content\/uploads\/2024\/04\/zd-150x150.jpg 150w\" sizes=\"auto, (max-width: 300px) 100vw, 300px\" \/><\/div><\/div><div class=\"w-separator size_small\"><\/div><div class=\"wpb_text_column us_custom_f03ee871\"><div class=\"wpb_wrapper\"><p><strong>Zielony D\u0105b Zak\u0142ad Produkcyjny<\/strong><br \/>\nSierpowo 45<br \/>\n77-330 Czarne, Poland<\/p>\n<\/div><\/div><div class=\"w-separator size_small\"><\/div><div class=\"w-iconbox us_custom_c57b0291 has_text_color iconpos_right style_default color_primary align_right no_text\"><div class=\"w-iconbox-meta\"><a href=\"tel:+48 60 99 51 009\" class=\"w-iconbox-link\" aria-label=\"+48 60 99 51 009\"><span class=\"w-iconbox-title\">+48 60 99 51 009<\/span><\/a><\/div><a href=\"tel:+48 60 99 51 009\" class=\"w-iconbox-link\" aria-label=\"+48 60 99 51 009\"><div class=\"w-iconbox-icon\" style=\"font-size:2rem;\"><i class=\"material-icons\">phone<\/i><\/div><\/a><\/div><div class=\"w-separator size_custom\" style=\"height:10px\"><\/div><div class=\"w-iconbox us_custom_c57b0291 has_text_color iconpos_right style_default color_primary align_right no_text\"><div class=\"w-iconbox-meta\"><a href=\"mailto:office@bhz.com.pl\" class=\"w-iconbox-link\" aria-label=\"office@bhz.com.pl\"><span class=\"w-iconbox-title\">office@bhz.com.pl<\/span><\/a><\/div><a href=\"mailto:office@bhz.com.pl\" class=\"w-iconbox-link\" aria-label=\"office@bhz.com.pl\"><div class=\"w-iconbox-icon\" style=\"font-size:2rem;\"><i class=\"material-icons\">mail<\/i><\/div><\/a><\/div><\/div><\/div><\/div><\/div><\/div><\/div><\/div><\/section>\n","protected":false},"excerpt":{"rendered":"Contact N&rsquo;h\u00e9sitez pas \u00e0 nous contacter, nous r\u00e9pondrons volontiers \u00e0 toutes vos questions. BHZ Wood Sp. z o.o. ul. Szpitalna 38 77-400 Zlotow, Poland phone+48 67 263 48 41mailoffice@bhz.com.plPracujemy w godzinach: Pn. - Pt. 6.00 - 18.00 Zielony D\u0105b Zak\u0142ad Produkcyjny Sierpowo 45 77-330 Czarne, Poland +48 60 99 51 009phoneoffice@bhz.com.plmail","protected":false},"author":1,"featured_media":0,"parent":0,"menu_order":0,"comment_status":"closed","ping_status":"closed","template":"","meta":{"footnotes":""},"class_list":["post-593","page","type-page","status-publish","hentry"],"_links":{"self":[{"href":"https:\/\/bhz.com.pl\/fr\/wp-json\/wp\/v2\/pages\/593","targetHints":{"allow":["GET"]}}],"collection":[{"href":"https:\/\/bhz.com.pl\/fr\/wp-json\/wp\/v2\/pages"}],"about":[{"href":"https:\/\/bhz.com.pl\/fr\/wp-json\/wp\/v2\/types\/page"}],"author":[{"embeddable":true,"href":"https:\/\/bhz.com.pl\/fr\/wp-json\/wp\/v2\/users\/1"}],"replies":[{"embeddable":true,"href":"https:\/\/bhz.com.pl\/fr\/wp-json\/wp\/v2\/comments?post=593"}],"version-history":[{"count":3,"href":"https:\/\/bhz.com.pl\/fr\/wp-json\/wp\/v2\/pages\/593\/revisions"}],"predecessor-version":[{"id":902,"href":"https:\/\/bhz.com.pl\/fr\/wp-json\/wp\/v2\/pages\/593\/revisions\/902"}],"wp:attachment":[{"href":"https:\/\/bhz.com.pl\/fr\/wp-json\/wp\/v2\/media?parent=593"}],"curies":[{"name":"wp","href":"https:\/\/api.w.org\/{rel}","templated":true}]}}