{"id":586,"date":"2024-04-02T12:21:40","date_gmt":"2024-04-02T12:21:40","guid":{"rendered":"https:\/\/bhz.com.pl\/strona-glowna\/"},"modified":"2024-07-25T09:31:41","modified_gmt":"2024-07-25T09:31:41","slug":"strona-glowna","status":"publish","type":"page","link":"https:\/\/bhz.com.pl\/fr\/","title":{"rendered":"Home"},"content":{"rendered":"<section class=\"l-section wpb_row height_huge color_secondary with_img parallax_ver\" id=\"section-06\"><div class=\"l-section-img\" role=\"img\" data-img-width=\"2560\" data-img-height=\"1698\" style=\"background-image: url(https:\/\/bhz.com.pl\/wp-content\/uploads\/2024\/04\/V-Arched-VA120-scaled.jpg);\"><\/div><div class=\"l-section-overlay\" style=\"background:linear-gradient(90deg,#000,rgba(0,0,0,0.00))\"><\/div><div class=\"l-section-h i-cf\"><div class=\"g-cols vc_row via_grid cols_1 laptops-cols_inherit tablets-cols_1 mobiles-cols_1 valign_top type_default reversed stacking_default\" style=\"--gap:0rem;\"><div class=\"wpb_column vc_column_container us_custom_fd43344c\"><div class=\"vc_column-inner\"><div class=\"w-text us_custom_5e8cff96 has_text_color us_animate_this\"><span class=\"w-text-h\"><span class=\"w-text-value\">Plus que du bois.<\/span><\/span><\/div><div class=\"w-separator size_small\"><\/div><h1 class=\"w-text us_custom_7cf33552 us_animate_this\"><span class=\"w-text-h\"><span class=\"w-text-value\">Le bois, notre passion !<\/span><\/span><\/h1><div class=\"w-hwrapper valign_middle wrap align_none\" style=\"--hwrapper-gap:3rem\"><div class=\"w-btn-wrapper align_none hide_on_tablets hide_on_mobiles\"><a class=\"w-btn us-btn-style_1 us_custom_fdc84a45 us_animate_this\" href=\"\/fr\/kontakt\/\"><span class=\"w-btn-label\">Contactez-nous<\/span><\/a><\/div><\/div><\/div><\/div><\/div><\/div><\/section><section class=\"l-section wpb_row height_medium\"><div class=\"l-section-h i-cf\"><div class=\"g-cols vc_row via_grid cols_1 laptops-cols_inherit tablets-cols_inherit mobiles-cols_1 valign_top type_default stacking_default\"><div class=\"wpb_column vc_column_container\"><div class=\"vc_column-inner\"><div class=\"w-separator size_medium\"><\/div><div data-us-scroll=\"{&quot;from_initial_position&quot;:&quot;0&quot;,&quot;start_position&quot;:&quot;0%&quot;,&quot;end_position&quot;:&quot;100%&quot;,&quot;delay&quot;:&quot;0.1s&quot;}\" class=\"wpb_text_column has_scroll_effects\"><div class=\"wpb_wrapper\"><p>Bienvenue sur le site de <strong>BHZ Wood<\/strong>, votre fournisseur de confiance pour les produits de jardin en bois. Depuis 1992, nous proposons un large assortiment de produits, des cl\u00f4tures aux meubles de jardin, le tout en pensant \u00e0 la durabilit\u00e9 et \u00e0 l&rsquo;esth\u00e9tique. Nous sommes une entreprise familiale avec des traditions, valorisant la qualit\u00e9, la fiabilit\u00e9 et le d\u00e9veloppement durable. Nos produits, impr\u00e9gn\u00e9s par des m\u00e9thodes \u00e9cologiques et poss\u00e9dant la certification PEFC\u00ae, sont une garantie de satisfaction et de s\u00e9curit\u00e9. Nous vous invitons \u00e0 d\u00e9couvrir notre offre et \u00e0 rejoindre notre cercle de clients satisfaits.<\/p>\n<div id=\"simple-translate\" class=\"simple-translate-system-theme\">\n<div>\n<div class=\"simple-translate-button isShow\" style=\"background-image: url('moz-extension:\/\/842b6841-bdbd-4ee6-a55d-2513e3c27754\/icons\/512.png'); height: 22px; width: 22px; top: 106px; left: 350px;\">\u00a0<\/div>\n<div class=\"simple-translate-panel \" style=\"width: 300px; height: 200px; top: 0px; left: 0px; font-size: 13px;\">\n<div class=\"simple-translate-result-wrapper\" style=\"overflow: hidden;\">\n<div class=\"simple-translate-move\" draggable=\"true\">\u00a0<\/div>\n<div class=\"simple-translate-result-contents\">\n<p class=\"simple-translate-result\" dir=\"auto\">\u00a0<\/p>\n<p class=\"simple-translate-candidate\" dir=\"auto\">\u00a0<\/p>\n<\/div>\n<\/div>\n<\/div>\n<\/div>\n<\/div>\n<\/div><\/div><div class=\"w-separator size_medium\"><\/div><\/div><\/div><\/div><\/div><\/section><section class=\"l-section wpb_row height_medium with_img parallax_ver\"><div class=\"l-section-img\" role=\"img\" data-img-width=\"2560\" data-img-height=\"1718\" style=\"background-image: url(https:\/\/bhz.com.pl\/wp-content\/uploads\/2024\/04\/Square-Horizontal-SH150-scaled.jpg);\"><\/div><div class=\"l-section-overlay\" style=\"background:rgba(0,0,0,0.55)\"><\/div><div class=\"l-section-h i-cf\"><div class=\"g-cols vc_row via_grid cols_1 laptops-cols_inherit tablets-cols_inherit mobiles-cols_1 valign_top type_default stacking_default\"><div class=\"wpb_column vc_column_container\"><div class=\"vc_column-inner\"><div class=\"g-cols wpb_row via_grid cols_3 laptops-cols_inherit tablets-cols_inherit mobiles-cols_1 valign_top type_default stacking_default\" style=\"--gap:1.5rem;\"><div class=\"wpb_column vc_column_container\"><div class=\"vc_column-inner\"><div data-us-scroll=\"{&quot;from_initial_position&quot;:&quot;0&quot;,&quot;start_position&quot;:&quot;0%&quot;,&quot;end_position&quot;:&quot;100%&quot;,&quot;delay&quot;:&quot;0.1s&quot;}\" class=\"w-ibanner us_custom_0c47164e us_animate_this has_scroll_effects animation_phorcys ratio_1x1 easing_ease\"><div class=\"w-ibanner-h\"><div class=\"w-ibanner-image\" style=\"background-image: url(https:\/\/bhz.com.pl\/wp-content\/uploads\/2024\/07\/ploty-1024x768.jpg)\"><\/div><div class=\"w-ibanner-content\"><div class=\"w-ibanner-content-h\"><h2 class=\"w-ibanner-title\">l\u00f4tures \/ Treillis<\/h2><div class=\"w-ibanner-desc\"><\/div><\/div><\/div><\/div><a href=\"https:\/\/bhz.com.pl\/fr\/clotures-et-grilles\/\" aria-label=\"l\u00f4tures \/ Treillis\"><\/a><\/div><\/div><\/div><div class=\"wpb_column vc_column_container\"><div class=\"vc_column-inner\"><div class=\"w-ibanner us_custom_0c47164e us_animate_this animation_phorcys ratio_1x1 easing_ease\"><div class=\"w-ibanner-h\"><div class=\"w-ibanner-image\" style=\"background-image: url(https:\/\/bhz.com.pl\/wp-content\/uploads\/2024\/04\/ploty-kratki-1.jpg)\"><\/div><div class=\"w-ibanner-content\"><div class=\"w-ibanner-content-h\"><h2 class=\"w-ibanner-title\">Equipement de jardinage en bois<\/h2><div class=\"w-ibanner-desc\"><\/div><\/div><\/div><\/div><a href=\"https:\/\/bhz.com.pl\/fr\/kategoria-produktu\/mobilier-de-jardin\/\" aria-label=\"Equipement de jardinage en bois\"><\/a><\/div><\/div><\/div><div class=\"wpb_column vc_column_container\"><div class=\"vc_column-inner\"><div class=\"w-ibanner us_custom_0c47164e us_animate_this animation_phorcys ratio_1x1 easing_ease\"><div class=\"w-ibanner-h\"><div class=\"w-ibanner-image\" style=\"background-image: url(https:\/\/bhz.com.pl\/wp-content\/uploads\/2024\/07\/meble-792x1024.jpg)\"><\/div><div class=\"w-ibanner-content\"><div class=\"w-ibanner-content-h\"><h2 class=\"w-ibanner-title\">\u00c9quipement de jardin<\/h2><div class=\"w-ibanner-desc\"><\/div><\/div><\/div><\/div><a href=\"https:\/\/bhz.com.pl\/fr\/kategoria-produktu\/equipement-de-jardin\/\" aria-label=\"\u00c9quipement de jardin\"><\/a><\/div><\/div><\/div><\/div><div class=\"w-separator size_small\"><\/div><div class=\"g-cols wpb_row via_grid cols_3 laptops-cols_inherit tablets-cols_inherit mobiles-cols_1 valign_top type_default stacking_default\" style=\"--gap:1.5rem;\"><div class=\"wpb_column vc_column_container\"><div class=\"vc_column-inner\"><div class=\"w-ibanner us_custom_0c47164e us_animate_this animation_phorcys ratio_1x1 easing_ease\"><div class=\"w-ibanner-h\"><div class=\"w-ibanner-image\" style=\"background-image: url(https:\/\/bhz.com.pl\/wp-content\/uploads\/2024\/04\/slupki.jpg)\"><\/div><div class=\"w-ibanner-content\"><div class=\"w-ibanner-content-h\"><h2 class=\"w-ibanner-title\">Poteau bois, Rondins, Bois de construction<\/h2><div class=\"w-ibanner-desc\"><\/div><\/div><\/div><\/div><a href=\"https:\/\/bhz.com.pl\/fr\/kategoria-produktu\/poteaux-piquets-bois-de-charpente\/\" aria-label=\"Poteau bois, Rondins, Bois de construction\"><\/a><\/div><\/div><\/div><div class=\"wpb_column vc_column_container\"><div class=\"vc_column-inner\"><div class=\"w-ibanner us_custom_0c47164e us_animate_this animation_phorcys ratio_1x1 easing_ease\"><div class=\"w-ibanner-h\"><div class=\"w-ibanner-image\" style=\"background-image: url(https:\/\/bhz.com.pl\/wp-content\/uploads\/2024\/04\/pellet.jpg)\"><\/div><div class=\"w-ibanner-content\"><div class=\"w-ibanner-content-h\"><h2 class=\"w-ibanner-title\">Granul\u00e9s<\/h2><div class=\"w-ibanner-desc\"><\/div><\/div><\/div><\/div><a href=\"https:\/\/bhz.com.pl\/fr\/pellet-bhx-wood\/\" aria-label=\"Granul\u00e9s\"><\/a><\/div><\/div><\/div><div class=\"wpb_column vc_column_container\"><div class=\"vc_column-inner\"><div class=\"w-ibanner us_custom_0c47164e us_animate_this animation_phorcys ratio_1x1 easing_ease\"><div class=\"w-ibanner-h\"><div class=\"w-ibanner-image\" style=\"background-image: url(https:\/\/bhz.com.pl\/wp-content\/uploads\/2024\/04\/V-Arched-VA120-1024x679.jpg)\"><\/div><div class=\"w-ibanner-content\"><div class=\"w-ibanner-content-h\"><h2 class=\"w-ibanner-title\">Tout voir<\/h2><div class=\"w-ibanner-desc\"><\/div><\/div><\/div><\/div><a href=\"https:\/\/bhz.com.pl\/fr\/tous-les-produits\/\" aria-label=\"Tout voir\"><\/a><\/div><\/div><\/div><\/div><\/div><\/div><\/div><\/div><\/section><section class=\"l-section wpb_row height_medium\"><div class=\"l-section-h i-cf\"><div class=\"g-cols vc_row via_grid cols_1 laptops-cols_inherit tablets-cols_inherit mobiles-cols_1 valign_top type_default stacking_default\"><div class=\"wpb_column vc_column_container\"><div class=\"vc_column-inner\"><div class=\"w-separator size_large with_line width_default thick_1 style_solid color_border align_center with_text with_content\"><div class=\"w-separator-h\"><h6 class=\"w-separator-text\"><span>Best-sellers:<\/span><\/h6><\/div><\/div><div class=\"w-grid type_carousel layout_shop_modern cols_4 overflow_hidden\" id=\"us_grid_1\" style=\"--gap:1.5rem;\"><style>.layout_shop_modern .w-grid-item-h{background:var(--color-content-bg);color:var(--color-content-text);border-radius:0.3rem;box-shadow:0 0.03rem 0.06rem rgba(0,0,0,0.1),0 0.1rem 0.3rem rgba(0,0,0,0.1);transition-duration:0.3s}.no-touch .layout_shop_modern .w-grid-item-h:hover{box-shadow:0 0.1rem 0.2rem rgba(0,0,0,0.1),0 0.33rem 1rem rgba(0,0,0,0.15);z-index:4}.layout_shop_modern .usg_vwrapper_1{transition-duration:0.2s;transform-origin:50% 50%;transform:scale(1) translate(0%,0%)}.layout_shop_modern .w-grid-item-h:hover .usg_vwrapper_1{transform:scale(1) translate(0%,-2.4rem);opacity:1}.layout_shop_modern .usg_add_to_cart_1{transition-duration:0.3s;transform-origin:50% 50%;transform:scale(1) translate(0%,0%);opacity:0}.layout_shop_modern .w-grid-item-h:hover .usg_add_to_cart_1{transform:scale(1) translate(0%,0%);opacity:1}.layout_shop_modern .usg_product_field_1{color:#fff!important;font-size:12px!important;font-weight:700!important;text-transform:uppercase!important;position:absolute!important;top:10px!important;left:10px!important;padding-right:0.8rem!important;padding-left:0.8rem!important;border-radius:2rem!important;background:var(--color-content-primary)!important}.layout_shop_modern .usg_vwrapper_1{background:inherit!important;padding:1rem 1.2rem 1rem 1.2rem!important}.layout_shop_modern .usg_post_title_1{color:inherit!important;font-size:1rem!important;margin-bottom:0.3rem!important}.layout_shop_modern .usg_product_field_2{margin-bottom:0.3rem!important}.layout_shop_modern .usg_product_field_3{font-weight:700!important}.layout_shop_modern .usg_add_to_cart_1{font-size:0.8rem!important;width:100%!important;border-radius:0!important;position:absolute!important;right:0!important;bottom:0!important;left:0!important}<\/style><div class=\"w-grid-list owl-carousel navstyle_circle navpos_outside with_dots\">\t<article class=\"w-grid-item post-882 product type-product status-publish has-post-thumbnail product_cat-a-lames-avec-treillis-ou-ornement product_cat-grilles-fr first instock shipping-taxable product-type-simple\" data-id=\"882\">\r\n\t\t<div class=\"w-grid-item-h\">\r\n\t\t\t\t\t\t<div class=\"w-post-elm post_image usg_post_image_1 stretched\"><a href=\"https:\/\/bhz.com.pl\/fr\/produkt\/cloture-avec-une-grille\/\" aria-label=\"Cl\u00f4ture avec une grille\"><img loading=\"lazy\" decoding=\"async\" width=\"300\" height=\"300\" src=\"https:\/\/bhz.com.pl\/wp-content\/uploads\/2024\/04\/Square-Horizontal-HDL-SH150_HDL1-300x300.jpg\" class=\"attachment-woocommerce_thumbnail size-woocommerce_thumbnail wp-post-image\" alt=\"\" srcset=\"https:\/\/bhz.com.pl\/wp-content\/uploads\/2024\/04\/Square-Horizontal-HDL-SH150_HDL1-300x300.jpg 300w, https:\/\/bhz.com.pl\/wp-content\/uploads\/2024\/04\/Square-Horizontal-HDL-SH150_HDL1-150x150.jpg 150w\" sizes=\"auto, (max-width: 300px) 100vw, 300px\" \/><\/a><\/div><div class=\"w-vwrapper usg_vwrapper_1 align_center valign_top\"><h2 class=\"w-post-elm post_title usg_post_title_1 has_text_color woocommerce-loop-product__title color_link_inherit\"><a href=\"https:\/\/bhz.com.pl\/fr\/produkt\/cloture-avec-une-grille\/\">Cl\u00f4ture avec une grille<\/a><\/h2><\/div><div class=\"w-btn-wrapper woocommerce usg_add_to_cart_1 has_border_radius has_font_size no_view_cart_link\"><a href=\"https:\/\/bhz.com.pl\/fr\/produkt\/cloture-avec-une-grille\/\" aria-describedby=\"woocommerce_loop_add_to_cart_link_describedby_882\" data-quantity=\"1\" class=\"button product_type_simple\" data-product_id=\"882\" data-product_sku=\"\" aria-label=\"En savoir plus sur &ldquo;Cl\u00f4ture avec une grille&rdquo;\" rel=\"nofollow\"><i class=\"g-preloader type_1\"><\/i><span class=\"w-btn-label\">Lire la suite<\/span><\/a><span id=\"woocommerce_loop_add_to_cart_link_describedby_882\" class=\"screen-reader-text\">\n\t<\/span>\n<\/div>\t\t<\/div>\r\n\t\t\t<\/article>\r\n\t<article class=\"w-grid-item post-878 product type-product status-publish has-post-thumbnail product_cat-equipement-de-jardin  instock shipping-taxable product-type-simple\" data-id=\"878\">\r\n\t\t<div class=\"w-grid-item-h\">\r\n\t\t\t\t\t\t<div class=\"w-post-elm post_image usg_post_image_1 stretched\"><a href=\"https:\/\/bhz.com.pl\/fr\/produkt\/pergola-z-lawka\/\" aria-label=\"Pergola avec un banc\"><img loading=\"lazy\" decoding=\"async\" width=\"300\" height=\"300\" src=\"https:\/\/bhz.com.pl\/wp-content\/uploads\/2024\/04\/pergola-2-300x300.jpg\" class=\"attachment-woocommerce_thumbnail size-woocommerce_thumbnail wp-post-image\" alt=\"\" srcset=\"https:\/\/bhz.com.pl\/wp-content\/uploads\/2024\/04\/pergola-2-300x300.jpg 300w, https:\/\/bhz.com.pl\/wp-content\/uploads\/2024\/04\/pergola-2-150x150.jpg 150w\" sizes=\"auto, (max-width: 300px) 100vw, 300px\" \/><\/a><\/div><div class=\"w-vwrapper usg_vwrapper_1 align_center valign_top\"><h2 class=\"w-post-elm post_title usg_post_title_1 has_text_color woocommerce-loop-product__title color_link_inherit\"><a href=\"https:\/\/bhz.com.pl\/fr\/produkt\/pergola-z-lawka\/\">Pergola avec un banc<\/a><\/h2><\/div><div class=\"w-btn-wrapper woocommerce usg_add_to_cart_1 has_border_radius has_font_size no_view_cart_link\"><a href=\"https:\/\/bhz.com.pl\/fr\/produkt\/pergola-z-lawka\/\" aria-describedby=\"woocommerce_loop_add_to_cart_link_describedby_878\" data-quantity=\"1\" class=\"button product_type_simple\" data-product_id=\"878\" data-product_sku=\"\" aria-label=\"En savoir plus sur &ldquo;Pergola avec un banc&rdquo;\" rel=\"nofollow\"><i class=\"g-preloader type_1\"><\/i><span class=\"w-btn-label\">Lire la suite<\/span><\/a><span id=\"woocommerce_loop_add_to_cart_link_describedby_878\" class=\"screen-reader-text\">\n\t<\/span>\n<\/div>\t\t<\/div>\r\n\t\t\t<\/article>\r\n\t<article class=\"w-grid-item post-875 product type-product status-publish has-post-thumbnail product_cat-mobilier-de-jardin last instock shipping-taxable product-type-simple\" data-id=\"875\">\r\n\t\t<div class=\"w-grid-item-h\">\r\n\t\t\t\t\t\t<div class=\"w-post-elm post_image usg_post_image_1 stretched\"><a href=\"https:\/\/bhz.com.pl\/fr\/produkt\/zestaw-mebli-ogrodowych\/\" aria-label=\"Ensemble de salon de jardin\"><img loading=\"lazy\" decoding=\"async\" width=\"300\" height=\"300\" src=\"https:\/\/bhz.com.pl\/wp-content\/uploads\/2024\/04\/meble-ogrodowe-300x300.jpg\" class=\"attachment-woocommerce_thumbnail size-woocommerce_thumbnail wp-post-image\" alt=\"\" srcset=\"https:\/\/bhz.com.pl\/wp-content\/uploads\/2024\/04\/meble-ogrodowe-300x300.jpg 300w, https:\/\/bhz.com.pl\/wp-content\/uploads\/2024\/04\/meble-ogrodowe-150x150.jpg 150w\" sizes=\"auto, (max-width: 300px) 100vw, 300px\" \/><\/a><\/div><div class=\"w-vwrapper usg_vwrapper_1 align_center valign_top\"><h2 class=\"w-post-elm post_title usg_post_title_1 has_text_color woocommerce-loop-product__title color_link_inherit\"><a href=\"https:\/\/bhz.com.pl\/fr\/produkt\/zestaw-mebli-ogrodowych\/\">Ensemble de salon de jardin<\/a><\/h2><\/div><div class=\"w-btn-wrapper woocommerce usg_add_to_cart_1 has_border_radius has_font_size no_view_cart_link\"><a href=\"https:\/\/bhz.com.pl\/fr\/produkt\/zestaw-mebli-ogrodowych\/\" aria-describedby=\"woocommerce_loop_add_to_cart_link_describedby_875\" data-quantity=\"1\" class=\"button product_type_simple\" data-product_id=\"875\" data-product_sku=\"\" aria-label=\"En savoir plus sur &ldquo;Ensemble de salon de jardin&rdquo;\" rel=\"nofollow\"><i class=\"g-preloader type_1\"><\/i><span class=\"w-btn-label\">Lire la suite<\/span><\/a><span id=\"woocommerce_loop_add_to_cart_link_describedby_875\" class=\"screen-reader-text\">\n\t<\/span>\n<\/div>\t\t<\/div>\r\n\t\t\t<\/article>\r\n\t<article class=\"w-grid-item post-872 product type-product status-publish has-post-thumbnail product_cat-mobilier-de-jardin first instock shipping-taxable product-type-simple\" data-id=\"872\">\r\n\t\t<div class=\"w-grid-item-h\">\r\n\t\t\t\t\t\t<div class=\"w-post-elm post_image usg_post_image_1 stretched\"><a href=\"https:\/\/bhz.com.pl\/fr\/produkt\/lawka-ogrodowa-klasyczna-b150\/\" aria-label=\"Banc de jardin classique\"><img loading=\"lazy\" decoding=\"async\" width=\"300\" height=\"300\" src=\"https:\/\/bhz.com.pl\/wp-content\/uploads\/2024\/04\/Bench-B120-300x300.jpg\" class=\"attachment-woocommerce_thumbnail size-woocommerce_thumbnail wp-post-image\" alt=\"\" srcset=\"https:\/\/bhz.com.pl\/wp-content\/uploads\/2024\/04\/Bench-B120-300x300.jpg 300w, https:\/\/bhz.com.pl\/wp-content\/uploads\/2024\/04\/Bench-B120-150x150.jpg 150w\" sizes=\"auto, (max-width: 300px) 100vw, 300px\" \/><\/a><\/div><div class=\"w-vwrapper usg_vwrapper_1 align_center valign_top\"><h2 class=\"w-post-elm post_title usg_post_title_1 has_text_color woocommerce-loop-product__title color_link_inherit\"><a href=\"https:\/\/bhz.com.pl\/fr\/produkt\/lawka-ogrodowa-klasyczna-b150\/\">Banc de jardin classique<\/a><\/h2><\/div><div class=\"w-btn-wrapper woocommerce usg_add_to_cart_1 has_border_radius has_font_size no_view_cart_link\"><a href=\"https:\/\/bhz.com.pl\/fr\/produkt\/lawka-ogrodowa-klasyczna-b150\/\" aria-describedby=\"woocommerce_loop_add_to_cart_link_describedby_872\" data-quantity=\"1\" class=\"button product_type_simple\" data-product_id=\"872\" data-product_sku=\"\" aria-label=\"En savoir plus sur &ldquo;Banc de jardin classique&rdquo;\" rel=\"nofollow\"><i class=\"g-preloader type_1\"><\/i><span class=\"w-btn-label\">Lire la suite<\/span><\/a><span id=\"woocommerce_loop_add_to_cart_link_describedby_872\" class=\"screen-reader-text\">\n\t<\/span>\n<\/div>\t\t<\/div>\r\n\t\t\t<\/article>\r\n\t<article class=\"w-grid-item post-869 product type-product status-publish has-post-thumbnail product_cat-poteaux-piquets-bois-de-charpente  instock shipping-taxable product-type-simple\" data-id=\"869\">\r\n\t\t<div class=\"w-grid-item-h\">\r\n\t\t\t\t\t\t<div class=\"w-post-elm post_image usg_post_image_1 stretched\"><a href=\"https:\/\/bhz.com.pl\/fr\/produkt\/slupek-40-x-40\/\" aria-label=\"Poteau 40 x 40\"><img loading=\"lazy\" decoding=\"async\" width=\"300\" height=\"300\" src=\"https:\/\/bhz.com.pl\/wp-content\/uploads\/2024\/04\/slupki-paliki-tarcica-300x300.jpg\" class=\"attachment-woocommerce_thumbnail size-woocommerce_thumbnail wp-post-image\" alt=\"\" srcset=\"https:\/\/bhz.com.pl\/wp-content\/uploads\/2024\/04\/slupki-paliki-tarcica-300x300.jpg 300w, https:\/\/bhz.com.pl\/wp-content\/uploads\/2024\/04\/slupki-paliki-tarcica-150x150.jpg 150w\" sizes=\"auto, (max-width: 300px) 100vw, 300px\" \/><\/a><\/div><div class=\"w-vwrapper usg_vwrapper_1 align_center valign_top\"><h2 class=\"w-post-elm post_title usg_post_title_1 has_text_color woocommerce-loop-product__title color_link_inherit\"><a href=\"https:\/\/bhz.com.pl\/fr\/produkt\/slupek-40-x-40\/\">Poteau 40 x 40<\/a><\/h2><\/div><div class=\"w-btn-wrapper woocommerce usg_add_to_cart_1 has_border_radius has_font_size no_view_cart_link\"><a href=\"https:\/\/bhz.com.pl\/fr\/produkt\/slupek-40-x-40\/\" aria-describedby=\"woocommerce_loop_add_to_cart_link_describedby_869\" data-quantity=\"1\" class=\"button product_type_simple\" data-product_id=\"869\" data-product_sku=\"\" aria-label=\"En savoir plus sur &ldquo;Poteau 40 x 40&rdquo;\" rel=\"nofollow\"><i class=\"g-preloader type_1\"><\/i><span class=\"w-btn-label\">Lire la suite<\/span><\/a><span id=\"woocommerce_loop_add_to_cart_link_describedby_869\" class=\"screen-reader-text\">\n\t<\/span>\n<\/div>\t\t<\/div>\r\n\t\t\t<\/article>\r\n\t<article class=\"w-grid-item post-866 product type-product status-publish has-post-thumbnail product_cat-clotures-et-grilles last instock shipping-taxable product-type-simple\" data-id=\"866\">\r\n\t\t<div class=\"w-grid-item-h\">\r\n\t\t\t\t\t\t<div class=\"w-post-elm post_image usg_post_image_1 stretched\"><a href=\"https:\/\/bhz.com.pl\/fr\/produkt\/plot-ogrodowy-drewniany-model-lukowy\/\" aria-label=\"Cl\u00f4ture de jardin en bois, mod\u00e8le arqu\u00e9\"><img loading=\"lazy\" decoding=\"async\" width=\"300\" height=\"300\" src=\"https:\/\/bhz.com.pl\/wp-content\/uploads\/2024\/04\/Double-Sided-Paling-DSP150-300x300.jpg\" class=\"attachment-woocommerce_thumbnail size-woocommerce_thumbnail wp-post-image\" alt=\"\" srcset=\"https:\/\/bhz.com.pl\/wp-content\/uploads\/2024\/04\/Double-Sided-Paling-DSP150-300x300.jpg 300w, https:\/\/bhz.com.pl\/wp-content\/uploads\/2024\/04\/Double-Sided-Paling-DSP150-150x150.jpg 150w\" sizes=\"auto, (max-width: 300px) 100vw, 300px\" \/><\/a><\/div><div class=\"w-vwrapper usg_vwrapper_1 align_center valign_top\"><h2 class=\"w-post-elm post_title usg_post_title_1 has_text_color woocommerce-loop-product__title color_link_inherit\"><a href=\"https:\/\/bhz.com.pl\/fr\/produkt\/plot-ogrodowy-drewniany-model-lukowy\/\">Cl\u00f4ture de jardin en bois, mod\u00e8le arqu\u00e9<\/a><\/h2><\/div><div class=\"w-btn-wrapper woocommerce usg_add_to_cart_1 has_border_radius has_font_size no_view_cart_link\"><a href=\"https:\/\/bhz.com.pl\/fr\/produkt\/plot-ogrodowy-drewniany-model-lukowy\/\" aria-describedby=\"woocommerce_loop_add_to_cart_link_describedby_866\" data-quantity=\"1\" class=\"button product_type_simple\" data-product_id=\"866\" data-product_sku=\"\" aria-label=\"En savoir plus sur &ldquo;Cl\u00f4ture de jardin en bois, mod\u00e8le arqu\u00e9&rdquo;\" rel=\"nofollow\"><i class=\"g-preloader type_1\"><\/i><span class=\"w-btn-label\">Lire la suite<\/span><\/a><span id=\"woocommerce_loop_add_to_cart_link_describedby_866\" class=\"screen-reader-text\">\n\t<\/span>\n<\/div>\t\t<\/div>\r\n\t\t\t<\/article>\r\n<\/div>\t<div class=\"g-preloader type_1\">\r\n\t\t<div><\/div>\r\n\t<\/div>\r\n\t\t<div class=\"w-grid-json hidden\" onclick='return {&quot;action&quot;:&quot;us_ajax_grid&quot;,&quot;infinite_scroll&quot;:0,&quot;max_num_pages&quot;:1,&quot;pagination&quot;:&quot;none&quot;,&quot;template_vars&quot;:{&quot;columns&quot;:&quot;4&quot;,&quot;exclude_items&quot;:&quot;none&quot;,&quot;img_size&quot;:&quot;default&quot;,&quot;ignore_items_size&quot;:0,&quot;items_layout&quot;:&quot;shop_modern&quot;,&quot;items_offset&quot;:&quot;1&quot;,&quot;load_animation&quot;:&quot;none&quot;,&quot;overriding_link&quot;:&quot;%7B%22url%22%3A%22%22%7D&quot;,&quot;post_id&quot;:0,&quot;query_args&quot;:{&quot;post_type&quot;:[&quot;product&quot;],&quot;post_status&quot;:[&quot;publish&quot;],&quot;meta_query&quot;:[],&quot;tax_query&quot;:[{&quot;taxonomy&quot;:&quot;product_visibility&quot;,&quot;field&quot;:&quot;slug&quot;,&quot;terms&quot;:[&quot;exclude-from-catalog&quot;],&quot;operator&quot;:&quot;NOT IN&quot;}],&quot;posts_per_page&quot;:&quot;10&quot;},&quot;orderby_query_args&quot;:{&quot;orderby&quot;:{&quot;date&quot;:&quot;DESC&quot;}},&quot;type&quot;:&quot;carousel&quot;,&quot;us_grid_post_type&quot;:&quot;product&quot;,&quot;us_grid_ajax_index&quot;:1,&quot;us_grid_filter_params&quot;:[],&quot;us_grid_index&quot;:1,&quot;page_args&quot;:[],&quot;lang&quot;:&quot;fr&quot;},&quot;carousel_settings&quot;:{&quot;autoHeight&quot;:0,&quot;autoplay&quot;:1,&quot;carousel_fade&quot;:0,&quot;center&quot;:0,&quot;dots&quot;:1,&quot;items&quot;:&quot;4&quot;,&quot;loop&quot;:true,&quot;nav&quot;:0,&quot;slideby&quot;:&quot;1&quot;,&quot;smooth_play&quot;:0,&quot;speed&quot;:250,&quot;timeout&quot;:3000,&quot;transition&quot;:&quot;&quot;,&quot;aria_labels&quot;:{&quot;prev&quot;:&quot;Pr\\u00e9c\\u00e9dent&quot;,&quot;next&quot;:&quot;Suivant&quot;}},&quot;carousel_breakpoints&quot;:{&quot;0&quot;:{&quot;autoHeight&quot;:0,&quot;autoplay&quot;:1,&quot;autoplayHoverPause&quot;:1,&quot;items&quot;:1,&quot;loop&quot;:true,&quot;stagePadding&quot;:0},&quot;601&quot;:{&quot;autoHeight&quot;:0,&quot;autoplay&quot;:1,&quot;autoplayHoverPause&quot;:1,&quot;items&quot;:2,&quot;loop&quot;:true,&quot;stagePadding&quot;:0},&quot;1025&quot;:{&quot;autoHeight&quot;:0,&quot;autoplay&quot;:1,&quot;autoplayHoverPause&quot;:1,&quot;items&quot;:3,&quot;loop&quot;:true,&quot;stagePadding&quot;:0},&quot;1381&quot;:{&quot;items&quot;:4,&quot;stagePadding&quot;:0}}}'><\/div>\r\n\t<\/div><\/div><\/div><\/div><\/div><\/section>\n","protected":false},"excerpt":{"rendered":"Embellez votre jardin avec un \u00e9l\u00e9ment qui allie fonctionnalit\u00e9 et design \u00e9l\u00e9gant. Notre cl\u00f4ture de jardin, fabriqu\u00e9e en bois de haute qualit\u00e9 trait\u00e9 sous pression, est la solution id\u00e9ale pour ceux qui appr\u00e9cient la durabilit\u00e9 et l'esth\u00e9tique. Les bords sup\u00e9rieurs incurv\u00e9s lui donnent un aspect l\u00e9ger et moderne, se fondant parfaitement dans le paysage naturel....","protected":false},"author":1,"featured_media":0,"parent":0,"menu_order":0,"comment_status":"closed","ping_status":"closed","template":"","meta":{"footnotes":""},"class_list":["post-586","page","type-page","status-publish","hentry"],"_links":{"self":[{"href":"https:\/\/bhz.com.pl\/fr\/wp-json\/wp\/v2\/pages\/586","targetHints":{"allow":["GET"]}}],"collection":[{"href":"https:\/\/bhz.com.pl\/fr\/wp-json\/wp\/v2\/pages"}],"about":[{"href":"https:\/\/bhz.com.pl\/fr\/wp-json\/wp\/v2\/types\/page"}],"author":[{"embeddable":true,"href":"https:\/\/bhz.com.pl\/fr\/wp-json\/wp\/v2\/users\/1"}],"replies":[{"embeddable":true,"href":"https:\/\/bhz.com.pl\/fr\/wp-json\/wp\/v2\/comments?post=586"}],"version-history":[{"count":12,"href":"https:\/\/bhz.com.pl\/fr\/wp-json\/wp\/v2\/pages\/586\/revisions"}],"predecessor-version":[{"id":1045,"href":"https:\/\/bhz.com.pl\/fr\/wp-json\/wp\/v2\/pages\/586\/revisions\/1045"}],"wp:attachment":[{"href":"https:\/\/bhz.com.pl\/fr\/wp-json\/wp\/v2\/media?parent=586"}],"curies":[{"name":"wp","href":"https:\/\/api.w.org\/{rel}","templated":true}]}}